{"id":10,"date":"2025-09-10T12:17:46","date_gmt":"2025-09-10T12:17:46","guid":{"rendered":"http:\/\/tomas34.fr\/?page_id=10"},"modified":"2025-09-18T06:12:41","modified_gmt":"2025-09-18T06:12:41","slug":"a-propos-de","status":"publish","type":"page","link":"https:\/\/tomas34.fr\/","title":{"rendered":"Notre histoire"},"content":{"rendered":"\n<p>Depuis 1971, les Ambulances Tomas sont \u00e0 votre service pour vous accompagner dans tous vos&nbsp;transports sanitaires&nbsp;vers les centres m\u00e9dicaux de la r\u00e9gion et dans la France enti\u00e8re.<\/p>\n\n\n\n<p>Nos \u00e9quipes, compos\u00e9e de 30 ambulanciers\u00a0dipl\u00f4m\u00e9s d\u2019\u00c9tat, vous font voyager \u00e0 bord de v\u00e9hicules sanitaires enti\u00e8rement \u00e9quip\u00e9s pour que votre d\u00e9placement se passe dans les meilleures conditions possibles.<\/p>\n\n\n\n<p>Sp\u00e9cialistes des transports d\u2019urgence, nous travaillons en correspondance directe avec le SAMU du d\u00e9partement.<\/p>\n\n\n\n<p><\/p>\n","protected":false},"excerpt":{"rendered":"<p>Depuis 1971, les Ambulances Tomas sont \u00e0 votre service pour vous accompagner dans tous vos&nbsp;transports sanitaires&nbsp;vers les centres m\u00e9dicaux de la r\u00e9gion et dans la France enti\u00e8re. Nos \u00e9quipes, compos\u00e9e de 30 ambulanciers\u00a0dipl\u00f4m\u00e9s d\u2019\u00c9tat, vous font voyager \u00e0 bord de v\u00e9hicules sanitaires enti\u00e8rement \u00e9quip\u00e9s pour que votre d\u00e9placement se passe dans les meilleures conditions possibles. &hellip; <\/p>\n<p class=\"link-more\"><a href=\"https:\/\/tomas34.fr\/\" class=\"more-link\">Continuer la lecture<span class=\"screen-reader-text\"> de &laquo;&nbsp;Notre histoire&nbsp;&raquo;<\/span><\/a><\/p>\n","protected":false},"author":1,"featured_media":41,"parent":0,"menu_order":0,"comment_status":"closed","ping_status":"closed","template":"","meta":{"footnotes":""},"class_list":["post-10","page","type-page","status-publish","has-post-thumbnail","hentry"],"_links":{"self":[{"href":"https:\/\/tomas34.fr\/index.php?rest_route=\/wp\/v2\/pages\/10","targetHints":{"allow":["GET"]}}],"collection":[{"href":"https:\/\/tomas34.fr\/index.php?rest_route=\/wp\/v2\/pages"}],"about":[{"href":"https:\/\/tomas34.fr\/index.php?rest_route=\/wp\/v2\/types\/page"}],"author":[{"embeddable":true,"href":"https:\/\/tomas34.fr\/index.php?rest_route=\/wp\/v2\/users\/1"}],"replies":[{"embeddable":true,"href":"https:\/\/tomas34.fr\/index.php?rest_route=%2Fwp%2Fv2%2Fcomments&post=10"}],"version-history":[{"count":4,"href":"https:\/\/tomas34.fr\/index.php?rest_route=\/wp\/v2\/pages\/10\/revisions"}],"predecessor-version":[{"id":101,"href":"https:\/\/tomas34.fr\/index.php?rest_route=\/wp\/v2\/pages\/10\/revisions\/101"}],"wp:featuredmedia":[{"embeddable":true,"href":"https:\/\/tomas34.fr\/index.php?rest_route=\/wp\/v2\/media\/41"}],"wp:attachment":[{"href":"https:\/\/tomas34.fr\/index.php?rest_route=%2Fwp%2Fv2%2Fmedia&parent=10"}],"curies":[{"name":"wp","href":"https:\/\/api.w.org\/{rel}","templated":true}]}}